{"id":7,"date":"2010-02-07T22:47:18","date_gmt":"2010-02-07T22:47:18","guid":{"rendered":"http:\/\/viscontitoscoalda.com\/?page_id=2"},"modified":"2010-02-07T22:47:18","modified_gmt":"2010-02-07T22:47:18","slug":"info","status":"publish","type":"page","link":"https:\/\/viscontitoscoalda.com\/index.php\/info\/","title":{"rendered":"Autore"},"content":{"rendered":"<p style=\"text-align: justify;\"><span style=\"font-family: Arial,sans-serif;\"><span style=\"font-size: x-small;\">Alda Visconti Tosco.<\/span><\/span><\/p>\n<p style=\"text-align: justify;\"><span style=\"font-family: Arial,sans-serif;\"><span style=\"font-size: x-small;\">Nata nel 1954, diventa insegnante di scuola media inferiore di Educazione Tecnica, a 21anni segue dopo vari corsi specifici nel tempo e in maniera continuativa disabili psicofisici come inseg. di Sostegno. Attualmente \u00e8 in pensione, vive in Monferrato, la famiglia e gli amici le danno il \u201cfulcro\u201d per continuare a lottare. E&#8217; attiva come volontaria presso alcune associazioni locali.<\/span><\/span><\/p>\n<p style=\"text-align: justify;\"><span style=\"font-family: Arial,sans-serif;\"><span style=\"font-size: x-small;\">Ha un sito personale ed alcuni blog.<\/span><\/span><\/p>\n<h1 style=\"text-align: justify;\"><span style=\"font-family: Arial,sans-serif;\"><span style=\"font-size: x-small;\"><span style=\"color: #ff0000;\"><strong>questo sito &#8220;viscontitoscoalda.com&#8221; \u00e8 nato nell&#8217;anno 2009 grazie all&#8217;incitamento di mio figlio che mi sta ancora aiutando per la parte tecnica-informatica insieme ad alcuni amici che ringrazio di cuore!<\/strong><\/span><br \/>\n<\/span><\/span><\/h1>\n<p style=\"text-align: justify;\"><span style=\"font-family: Arial,sans-serif;\"><span style=\"font-size: x-small;\">aldatosco@gmail.com<\/span><\/span><\/p>\n<p style=\"text-align: justify;\"><span style=\"font-family: Arial,sans-serif;\"><span style=\"font-size: x-small;\">Selezioni e Concorsi e Pubblicazioni<\/span><\/span><\/p>\n<p style=\"text-align: justify;\"><span style=\"font-family: Arial,sans-serif;\"><span style=\"font-size: x-small;\">Anno 2007:<\/span><\/span><\/p>\n<p style=\"text-align: justify;\">\u201c<span style=\"font-family: Arial,sans-serif;\"><span style=\"font-size: x-small;\"><strong>Vorrei tornare feto\u201d &#8211; <\/strong>concorso <em>1000 parole<\/em> &#8211; Gruppo Opifice<\/span><\/span><\/p>\n<p style=\"text-align: justify;\">\u201c<span style=\"font-family: Arial,sans-serif;\"><span style=\"font-size: x-small;\"><strong>Meteore\u201d &#8211; <\/strong>concorso <em>1000 parole<\/em> <strong>&#8211;<\/strong>Gruppo Opifice<\/span><\/span><\/p>\n<p style=\"text-align: justify;\">\u201c<span style=\"font-family: Arial,sans-serif;\"><span style=\"font-size: x-small;\"><strong>Libera\u201d<\/strong> &#8211; concorso <em>1000 parole <\/em><strong>&#8211;<\/strong>Gruppo Opifice<\/span><\/span><\/p>\n<p style=\"text-align: justify;\"><span style=\"font-family: Arial,sans-serif;\"><span style=\"font-size: x-small;\">Questi 3 racconti sono stati inoltre letti nella trasmissione \u201c<em>Filtroletterario<\/em>\u201d dello studio Opifice su Radioalzozero. <\/span><\/span><\/p>\n<p style=\"text-align: justify;\">\u201c<span style=\"font-family: Arial,sans-serif;\"><span style=\"font-size: x-small;\"><strong>E tu sei li\u201d<\/strong>&#8211; letta da <em>Adriana Novello<\/em> nella trasmissione \u201c<em>Poesie dell\u2019etere<\/em>\u201d<\/span><\/span><\/p>\n<p style=\"text-align: justify;\">\u201c<span style=\"font-family: Arial,sans-serif;\"><span style=\"font-size: x-small;\"><strong>La Eco\u201d<\/strong> &#8211; letta da <em>Adriana Novello<\/em> nella trasmissione \u201c<em>Poesie dell\u2019etere<\/em>\u201d<\/span><\/span><\/p>\n<p style=\"text-align: justify;\">\u201c<span style=\"font-family: Arial,sans-serif;\"><span style=\"font-size: x-small;\"><strong>Lettera\u201d<\/strong>-concorso 3\u00b0 indetto da <span style=\"color: #000080;\"><span style=\"text-decoration: underline;\">http:\/\/www.poetika.it<\/span><\/span> in Pescara<\/span><\/span><\/p>\n<p style=\"text-align: justify;\"><span style=\"font-family: Arial,sans-serif;\"><span style=\"font-size: x-small;\">Anno 2008<\/span><\/span><\/p>\n<p style=\"text-align: justify;\">\u201c<span style=\"font-family: Arial,sans-serif;\"><span style=\"font-size: x-small;\"><strong>Perdonami\u201d<\/strong> &#8211; concorso \u201c<em>Tra un fiore colto e l\u2019altro donato<\/em>\u201d &#8211; Aletti Editore<\/span><\/span><\/p>\n<p style=\"text-align: justify;\">\u201c<span style=\"font-family: Arial,sans-serif;\"><span style=\"font-size: x-small;\"><strong>Onde\u201d<\/strong> &#8211; concorso \u201c<em>Verr\u00e0 il mattino e avr\u00e0 il tuo verso<\/em>\u201d &#8211; Aletti Editore<\/span><\/span><\/p>\n<p style=\"text-align: justify;\">\u201c<span style=\"font-family: Arial,sans-serif;\"><span style=\"font-size: x-small;\"><strong>Solitudine\u201d &#8211; <\/strong>inserita \u201c<em>Prima antologia Visual-letteraria\u201d a cura di M. Baglioni.<\/em><\/span><\/span><\/p>\n<p style=\"text-align: justify;\"><span style=\"font-family: Arial,sans-serif;\"><span style=\"font-size: x-small;\">Anno 2009\/2010<\/span><\/span><\/p>\n<p style=\"text-align: justify;\"><span style=\"color: #000000;\">\u201c<\/span><span style=\"font-family: Arial,sans-serif;\"><span style=\"font-size: x-small;\"><span style=\"color: #000000;\"><strong>Respiro\u201d <\/strong><\/span><span style=\"color: #000000;\">concorso \u201c<\/span><span style=\"color: #000000;\"><em>Parole in Fuga\u201d &#8211; Aletti Editore<\/em><\/span><\/span><\/span><\/p>\n<p style=\"text-align: justify;\"><span style=\"color: #000000;\">\u201c<\/span><span style=\"font-family: Arial,sans-serif;\"><span style=\"font-size: x-small;\"><span style=\"color: #000000;\"><strong>Maremoto\u201d <\/strong><\/span><span style=\"color: #000000;\">concorso \u201c<\/span><span style=\"color: #000000;\"><em>Verr\u00e0 il mattino e avr\u00e0 un tuo verso\u201d- Aletti Editore<\/em><\/span><\/span><\/span><\/p>\n<p style=\"text-align: justify;\">\u201c<span style=\"font-family: Arial,sans-serif;\"><span style=\"font-size: x-small;\"><strong>Cielo azzurro\u201d<\/strong><span style=\"color: #000000;\"> <\/span><span style=\"color: #000000;\"><em>-Antologia \u201cPoeti di Italia\u201d-Profumo di Poesia a cura di Roberto Russo.<\/em><\/span><\/span><\/span><\/p>\n<p style=\"text-align: justify;\">\u201c<span style=\"font-family: Arial,sans-serif;\"><span style=\"font-size: x-small;\"><strong>Primo atto\u201d &#8211;<\/strong><span style=\"color: #000000;\"><em>Antologia \u201cPoeti di Italia\u201d di R.Russo<\/em><\/span><\/span><\/span><\/p>\n<p style=\"text-align: justify;\">\u201c<span style=\"font-family: Arial,sans-serif;\"><span style=\"font-size: x-small;\"><strong>Oblio di un amore <\/strong><span style=\"color: #000000;\"><em>-Antologia \u201cPoeti di Italia\u201ddi R.Russo<\/em><\/span><\/span><\/span><\/p>\n<p style=\"text-align: justify;\">\u201c<span style=\"font-family: Arial,sans-serif;\"><span style=\"font-size: x-small;\"><strong>Il non ritorno\u201d<\/strong> <span style=\"color: #000000;\"><em>-Antologia \u201cPoeti di Italia\u201ddi R.Russo<\/em><\/span><\/span><\/span><\/p>\n<p style=\"text-align: justify;\"><span style=\"color: #000000;\">\u201c<\/span><span style=\"font-family: Arial,sans-serif;\"><span style=\"font-size: x-small;\"><span style=\"color: #000000;\"><strong>Gioco la vita\u201d<\/strong><\/span><span style=\"color: #000000;\"> -concorso \u201c<\/span><span style=\"color: #000000;\"><em>Il Federiciano\u201d -Aletti Editore<\/em><\/span><\/span><\/span><\/p>\n<p style=\"text-align: justify;\"><span style=\"color: #0000ff;\">\u201c<\/span><span style=\"font-family: Arial,sans-serif;\"><span style=\"font-size: x-small;\"><span style=\"color: #0000ff;\"><strong>L&#8217;ospite molesto\u201d il 1\u00b0Libro <\/strong><\/span><span style=\"color: #0000ff;\"><em>di narrativa biografica pubblicato da <\/em><\/span><span style=\"color: #0000ff;\"><strong>Ennepilibri \/ <\/strong><\/span><span style=\"color: #000080;\"><span style=\"text-decoration: underline;\"><strong>www.ennepilibri.it<\/strong><\/span><\/span><span style=\"color: #0000ff;\"> <\/span><span style=\"color: #0000ff;\"><strong>di Imperia.<\/strong><\/span><\/span><\/span><\/p>\n<p style=\"text-align: justify;\"><span style=\"font-family: Arial,sans-serif;\"><span style=\"font-size: x-small;\"><span style=\"color: #000000;\">&#8211;<\/span><span style=\"color: #0000ff;\">\u201dL&#8217;ospite molesto\u201d<\/span><span style=\"color: #000080;\"> <\/span><span style=\"color: #000000;\">\u00e8 utilizzato per la Tesi di Laurea <span style=\"color: #333399;\">\u201cIl corpo nella disabilit\u00e0\u201d<\/span> di <span style=\"color: #333399;\">Martina Mariani<\/span>&#8211; Relatore <span style=\"color: #333399;\">Roberto Medeghini <\/span><\/span><\/span><\/span><\/p>\n<p style=\"text-align: justify;\"><span style=\"color: #ff0000;\"><span style=\"font-family: Arial,sans-serif;\"><span style=\"font-size: x-small;\"><strong><a href=\"http:\/\/quimineo.netsons.org\/?p=5149\">\\&#8221;L\\&#8217;ospite molesto\\&#8221;  per la sezione editi: vince il Premio della Giuria &#8211; concorso \\&#8221;Donna semplicemente Donna\\&#8221; 25novembre2010<\/a><\/strong><\/span><\/span><\/span><\/p>\n<p style=\"text-align: justify;\"><!--more--><\/p>\n<p style=\"text-align: justify;\">Alda Visconti Tosco.<br \/>\nFounded in 1954, became a teacher of junior high school technical education, to following 21anni after several specific courses in time and continuous physical and psychological disabilities as teachers assem. Support. Is now retired, lives in Monferrato, family and friends give her the &#8220;core&#8221; to keep fighting. E &#8216;active as a volunteer at some local associations.<br \/>\nHe has a personal site and some blogs.<br \/>\naldatosco@gmail.com<br \/>\nBANDI &amp; Publications<br \/>\nYear 2007:<br \/>\n&#8220;I want to go baby&#8221; &#8211; competition 1000 words &#8211; Gruppo Opifice<br \/>\n&#8220;Meteora&#8221; &#8211; competition 1000 words- Gruppo Opifice<br \/>\n&#8220;Free&#8221; &#8211; competition 1000 words-Gruppo Opifice<br \/>\nThese three stories were also read in the program &#8220;Filtroletterario&#8221; Gruppo Opifice on the study Radioalzozero.<\/p>\n<p style=\"text-align: justify;\">&#8220;And you are there&#8221; &#8211; Adriana Novello read by the program &#8220;Poetry of the ether&#8221;<\/p>\n<p style=\"text-align: justify;\">&#8220;Eco&#8221; &#8211; Adriana Novello read by the program &#8220;Poetry of the ether&#8221;<\/p>\n<p style=\"text-align: justify;\">&#8220;Letter&#8221;-contest organized by the 3rd http:\/\/www.poetika.it in Pescara<br \/>\nYear 2008<br \/>\n&#8220;Forgive me&#8221; &#8211; competition &#8220;caught between a flower and the other won&#8221; &#8211; Aletti Editore<br \/>\n&#8220;Waves&#8221; &#8211; Competition &#8220;will be the morning and have your verse&#8221; &#8211; Aletti Editore<br \/>\n&#8220;Solitude&#8221; &#8211; added &#8220;First Visual-literary anthology&#8221; edited by M. Baglioni.<br \/>\nYear 2009\/2010<br \/>\n&#8220;Breath&#8221; contest &#8220;Words Escape&#8221; &#8211; Aletti Editore<br \/>\n&#8220;Tsunami&#8221; competition &#8220;will be the morning and you will have to&#8221; &#8211; Aletti Editore<br \/>\n&#8220;Blue Sky&#8221; anthology &#8220;Poets of Italy&#8221;-Bouquet of Poetry by Roberto Russo.<br \/>\n&#8220;Act One&#8221; anthology &#8220;Poets of Italy&#8221; by A. Russo<br \/>\n&#8220;Neglect of a love-anthology&#8221; Poets of Italy &#8220;by A. Russo<br \/>\n&#8220;The non-return&#8221; anthology &#8220;Poets of Italy&#8221; by A. Russo<br \/>\n&#8220;Game of Life&#8221;-competition &#8220;Frederick&#8221;, Aletti Editore<br \/>\n&#8220;The Host harassing&#8221; the 1st Book of biographical narrative published by Ennepilibri \/ www.ennepilibri.it of Imperia.<br \/>\n&#8211; &#8220;The Host harassing&#8221; is used for the Thesis &#8220;The body in disability&#8221; by Martina Mariani-Rapporteur Roberto Medeiros<\/p>\n<address style=\"text-align: justify;\"><strong><a href=\"http:\/\/quimineo.netsons.org\/?p=5149\"><br \/>\n<\/a><\/strong><\/address>\n<p style=\"text-align: justify;\">Fond\u00e9 en 1954, est devenu professeur de l&#8217;enseignement scolaire secondaire de premier cycle technique, \u00e0 la suite apr\u00e8s 21anni Plusieurs cours sp\u00e9cifiques dans le temps et continue de montage handicap\u00e9es physiques et psychologiques que les enseignants. Support. Est-ce maintenant \u00e0 la retraite, vit dans le Monferrato, famille et amis lui offrent le \u00abnoyau\u00bb de continuer \u00e0 lutter. E &#8216;active comme b\u00e9n\u00e9vole \u00e0 des associations locales.<br \/>\nIl a un site personnel et certains blogs.<br \/>\naldatosco@gmail.com<br \/>\nBand &amp; Publications<br \/>\nAnn\u00e9e 2007:<br \/>\n&#8220;Je veux aller b\u00e9b\u00e9&#8221; &#8211; la concurrence de 1000 mots &#8211; usines du groupe<br \/>\n\u00abMeteora\u00bb &#8211; la comp\u00e9tition 1000 usines mots-Groupe<br \/>\n&#8220;Free&#8221; &#8211; la concurrence 1000 usines mots-Groupe<br \/>\nCes trois articles ont \u00e9galement \u00e9t\u00e9 lu dans le programme &#8220;Filtroletterario&#8221; usines sur le Radioalzozero \u00e9tude.<\/p>\n<p style=\"text-align: justify;\">&#8220;Et vous \u00eates l\u00e0&#8221; &#8211; Adriana Novello lu par le programme \u00abLa po\u00e9sie de l&#8217;\u00e9ther&#8221;<\/p>\n<p style=\"text-align: justify;\">&#8220;Eco&#8221; &#8211; Adriana Novello lu par le programme \u00abLa po\u00e9sie de l&#8217;\u00e9ther&#8221;<\/p>\n<p style=\"text-align: justify;\">\u00abLettre\u00bb, concours organis\u00e9 par la 3\u00e8me http:\/\/www.poetika.it \u00e0 Pescara<br \/>\nAnn\u00e9e 2008<br \/>\n\u00abPardonnez-moi&#8221; &#8211; la concurrence &#8220;Pris entre une fleur et l&#8217;a remport\u00e9 d&#8217;autres&#8221; &#8211; Aletti Editore<br \/>\n&#8220;Vagues&#8221; &#8211; Concours &#8220;sera le matin et vous avez votre verset&#8221; &#8211; Aletti Editore<br \/>\n&#8220;Solitude&#8221; &#8211; a ajout\u00e9: &#8220;D&#8217;abord Visual-litt\u00e9raires Anthology&#8221;, \u00e9dit\u00e9 par M. Baglioni.<br \/>\nAnn\u00e9e 2009\/2010<br \/>\n&#8220;Souffle&#8221; concours &#8220;Mots Escape&#8221; &#8211; Aletti Editore<br \/>\n&#8220;Tsunami&#8221; concurrence &#8220;seront le matin et vous devrez&#8221; &#8211; Aletti Editore<br \/>\n&#8220;Blue Sky&#8221; anthologie &#8220;Po\u00e8tes de l&#8217;Italie\u00bb Bouquet de Po\u00e8mes par Roberto Russo.<br \/>\n&#8220;Act One&#8221; anthologie &#8220;Po\u00e8tes de l&#8217;Italie&#8221; par A. Russo<br \/>\n\u00abN\u00e9gligence d&#8217;un amour-anthologie\u00ab Les po\u00e8tes de l&#8217;Italie &#8220;par A. Russo<br \/>\n&#8220;Le non-retour&#8221; anthologie &#8220;Po\u00e8tes de l&#8217;Italie&#8221; par A. Russo<br \/>\n&#8220;Game of Life&#8221; hors comp\u00e9tition &#8220;Fr\u00e9d\u00e9ric&#8221;, Aletti Editore<br \/>\n&#8220;The Host harceler&#8221; le Livre premier du r\u00e9cit biographique publi\u00e9e par Ennepilibri \/ www.ennepilibri.it d&#8217;Imperia.<br \/>\n&#8211; &#8220;The Host harceler&#8221; est utilis\u00e9 pour la th\u00e8se &#8220;Il corpo nella disabilit\u00e0\u00bb par Martina Mariani-Rapporteur Roberto Medeghini.<\/p>\n<p style=\"text-align: justify;\">\n","protected":false},"excerpt":{"rendered":"<p>Alda Visconti Tosco. Nata nel 1954, diventa insegnante di scuola media inferiore di Educazione Tecnica, a 21anni segue dopo vari corsi specifici nel tempo e in maniera continuativa disabili psicofisici come inseg. di Sostegno. Attualmente \u00e8 in pensione, vive in Monferrato, la famiglia e gli amici le danno il \u201cfulcro\u201d per continuare a lottare. E&#8217; &hellip; <a href=\"https:\/\/viscontitoscoalda.com\/index.php\/info\/\" class=\"more-link\">Continua a leggere <span class=\"screen-reader-text\">Autore<\/span><\/a><\/p>\n","protected":false},"author":2,"featured_media":0,"parent":0,"menu_order":2,"comment_status":"open","ping_status":"open","template":"","meta":{"footnotes":""},"class_list":["post-7","page","type-page","status-publish","hentry"],"_links":{"self":[{"href":"https:\/\/viscontitoscoalda.com\/index.php\/wp-json\/wp\/v2\/pages\/7","targetHints":{"allow":["GET"]}}],"collection":[{"href":"https:\/\/viscontitoscoalda.com\/index.php\/wp-json\/wp\/v2\/pages"}],"about":[{"href":"https:\/\/viscontitoscoalda.com\/index.php\/wp-json\/wp\/v2\/types\/page"}],"author":[{"embeddable":true,"href":"https:\/\/viscontitoscoalda.com\/index.php\/wp-json\/wp\/v2\/users\/2"}],"replies":[{"embeddable":true,"href":"https:\/\/viscontitoscoalda.com\/index.php\/wp-json\/wp\/v2\/comments?post=7"}],"version-history":[{"count":0,"href":"https:\/\/viscontitoscoalda.com\/index.php\/wp-json\/wp\/v2\/pages\/7\/revisions"}],"wp:attachment":[{"href":"https:\/\/viscontitoscoalda.com\/index.php\/wp-json\/wp\/v2\/media?parent=7"}],"curies":[{"name":"wp","href":"https:\/\/api.w.org\/{rel}","templated":true}]}}